{"id":26,"date":"2012-09-20T12:59:36","date_gmt":"2012-09-20T12:59:36","guid":{"rendered":"http:\/\/www.pulimprof.es\/?page_id=26"},"modified":"2012-10-17T09:04:29","modified_gmt":"2012-10-17T09:04:29","slug":"contactar","status":"publish","type":"page","link":"http:\/\/www.pulimprof.es\/?page_id=26","title":{"rendered":"CONTACTAR"},"content":{"rendered":"<p>Si necesita informaci\u00f3n o nos quiere realizar alguna propuesta, rellene el formulario y nos pondremos en contacto con usted lo antes posible.<\/p>\n<div role=\"form\" class=\"wpcf7\" id=\"wpcf7-f273-o1\" lang=\"en-US\" dir=\"ltr\">\n<div class=\"screen-reader-response\"><p role=\"status\" aria-live=\"polite\" aria-atomic=\"true\"><\/p> <ul><\/ul><\/div>\n<form action=\"\/index.php?rest_route=%2Fwp%2Fv2%2Fpages%2F26#wpcf7-f273-o1\" method=\"post\" class=\"wpcf7-form init\" novalidate=\"novalidate\" data-status=\"init\">\n<div style=\"display: none;\">\n<input type=\"hidden\" name=\"_wpcf7\" value=\"273\" \/>\n<input type=\"hidden\" name=\"_wpcf7_version\" value=\"5.5.2\" \/>\n<input type=\"hidden\" name=\"_wpcf7_locale\" value=\"en_US\" \/>\n<input type=\"hidden\" name=\"_wpcf7_unit_tag\" value=\"wpcf7-f273-o1\" \/>\n<input type=\"hidden\" name=\"_wpcf7_container_post\" value=\"0\" \/>\n<input type=\"hidden\" name=\"_wpcf7_posted_data_hash\" value=\"\" \/>\n<\/div>\n<table style=\"width: 100%\">\n<tr>\n<td>Empresa (requerido)<\/td>\n<td>Persona de contacto<\/td>\n<\/tr>\n<tr>\n<td><span class=\"wpcf7-form-control-wrap empresa\"><input type=\"text\" name=\"empresa\" value=\"\" size=\"40\" class=\"wpcf7-form-control wpcf7-text wpcf7-validates-as-required\" aria-required=\"true\" aria-invalid=\"false\" \/><\/span> <\/td>\n<td><span class=\"wpcf7-form-control-wrap persona\"><input type=\"text\" name=\"persona\" value=\"\" size=\"40\" class=\"wpcf7-form-control wpcf7-text\" aria-invalid=\"false\" \/><\/span><\/td>\n<\/tr>\n<tr>\n<td>Direcci\u00f3n<\/td>\n<td>Poblaci\u00f3n<\/td>\n<\/tr>\n<tr>\n<td><span class=\"wpcf7-form-control-wrap direccion\"><input type=\"text\" name=\"direccion\" value=\"\" size=\"40\" class=\"wpcf7-form-control wpcf7-text\" aria-invalid=\"false\" \/><\/span><\/td>\n<td><span class=\"wpcf7-form-control-wrap poblacion\"><input type=\"text\" name=\"poblacion\" value=\"\" size=\"40\" class=\"wpcf7-form-control wpcf7-text\" aria-invalid=\"false\" \/><\/span><\/td>\n<\/tr>\n<tr>\n<td>Provincia<\/td>\n<td>Tel\u00e9fono<\/td>\n<\/tr>\n<tr>\n<td><span class=\"wpcf7-form-control-wrap provincia\"><input type=\"text\" name=\"provincia\" value=\"\" size=\"40\" class=\"wpcf7-form-control wpcf7-text\" aria-invalid=\"false\" \/><\/span> <\/td>\n<td><span class=\"wpcf7-form-control-wrap telefono\"><input type=\"text\" name=\"telefono\" value=\"\" size=\"40\" class=\"wpcf7-form-control wpcf7-text\" aria-invalid=\"false\" \/><\/span><\/td>\n<\/tr>\n<tr>\n<td>Tu Email (requerido)<\/td>\n<td>Fax<\/td>\n<\/tr>\n<tr>\n<td><span class=\"wpcf7-form-control-wrap your-email\"><input type=\"email\" name=\"your-email\" value=\"\" size=\"40\" class=\"wpcf7-form-control wpcf7-text wpcf7-email wpcf7-validates-as-required wpcf7-validates-as-email\" aria-required=\"true\" aria-invalid=\"false\" \/><\/span><\/td>\n<td><span class=\"wpcf7-form-control-wrap fax\"><input type=\"text\" name=\"fax\" value=\"\" size=\"40\" class=\"wpcf7-form-control wpcf7-text\" aria-invalid=\"false\" \/><\/span><\/td>\n<\/tr>\n<\/table>\n<p>Motivo del contacto (requerido)<\/p>\n<p><span class=\"wpcf7-form-control-wrap your-message\"><textarea name=\"your-message\" cols=\"117\" rows=\"10\" class=\"wpcf7-form-control wpcf7-textarea wpcf7-validates-as-required\" aria-required=\"true\" aria-invalid=\"false\"><\/textarea><\/span><\/p>\n<p>Como nos ha conocido<\/p>\n<p><span class=\"wpcf7-form-control-wrap conocido\"><input type=\"text\" name=\"conocido\" value=\"\" size=\"40\" class=\"wpcf7-form-control wpcf7-text\" aria-invalid=\"false\" \/><\/span><\/p>\n<p><input type=\"submit\" value=\"Enviar\" class=\"wpcf7-form-control has-spinner wpcf7-submit\" \/><\/p>\n<input type=\"hidden\" id=\"ct_checkjs_cf7_07a96b1f61097ccb54be14d6a47439b0\" name=\"ct_checkjs_cf7\" value=\"0\" \/><p style=\"display: none !important;\"><label>&#916;<textarea name=\"_wpcf7_ak_hp_textarea\" cols=\"45\" rows=\"8\" maxlength=\"100\"><\/textarea><\/label><input type=\"hidden\" id=\"ak_js\" name=\"_wpcf7_ak_js\" value=\"81\"\/><script>document.getElementById( \"ak_js\" ).setAttribute( \"value\", ( new Date() ).getTime() );<\/script><\/p><div class=\"wpcf7-response-output\" aria-hidden=\"true\"><\/div><\/form><\/div>\n<p>&nbsp;<\/p>\n<table style=\"width: 100%;\">\n<tbody>\n<tr>\n<td><strong>PULIMPROF<\/strong><strong><\/strong><strong>C\/ M\u00fasico Hip\u00f3lito Mart\u00ednez. N\u00ba5, Bajo Izq. 1\u00ba.<\/strong><\/p>\n<p><strong>46020 Valencia.<\/strong><\/p>\n<p><strong>Tel: 96 339 49 49<\/strong><\/p>\n<p><strong>Fax: 96 369 91 57<\/strong><\/p>\n<p><a href=\"mailto:info@pulimprof.es\" target=\"_blank\"><strong>info@pulimprof.es<\/strong><\/a><\/td>\n<td><iframe loading=\"lazy\" src=\"https:\/\/maps.google.com\/maps?f=q&amp;source=embed&amp;hl=es&amp;geocode=&amp;q=C%2F+M%C3%BAsico+Hip%C3%B3lito+Mart%C3%ADnez.+N%C2%BA5,+Bajo+Izq.+1%C2%BA.+46020+Valencia.&amp;aq=&amp;sll=40.245992,7.514648&amp;sspn=22.591875,46.538086&amp;ie=UTF8&amp;hq=C%2F+M%C3%BAsico+Hip%C3%B3lito+Mart%C3%ADnez.+N%C2%BA5,+Bajo+Izq.+1%C2%BA.&amp;hnear=46020+Valencia,+Comunidad+Valenciana,+Espa%C3%B1a&amp;t=m&amp;ll=39.484634,-0.355537&amp;spn=0.008458,0.006295&amp;output=embed\" frameborder=\"0\" marginwidth=\"0\" marginheight=\"0\" scrolling=\"no\" width=\"425\" height=\"350\"><\/iframe><br \/>\n<small><\/small><\/td>\n<\/tr>\n<tr>\n<td><\/td>\n<td><\/td>\n<\/tr>\n<\/tbody>\n<\/table>\n","protected":false},"excerpt":{"rendered":"<p>Si necesita informaci\u00f3n o nos quiere realizar alguna propuesta, rellene el formulario y nos pondremos en contacto con usted lo antes posible. &nbsp; PULIMPROFC\/ M\u00fasico Hip\u00f3lito Mart\u00ednez. N\u00ba5, Bajo Izq. 1\u00ba. 46020 Valencia. Tel: 96 339 49 49 Fax: 96 369 91 57 info@pulimprof.es<\/p>\n","protected":false},"author":1,"featured_media":0,"parent":0,"menu_order":0,"comment_status":"closed","ping_status":"open","template":"","meta":[],"_links":{"self":[{"href":"http:\/\/www.pulimprof.es\/index.php?rest_route=\/wp\/v2\/pages\/26"}],"collection":[{"href":"http:\/\/www.pulimprof.es\/index.php?rest_route=\/wp\/v2\/pages"}],"about":[{"href":"http:\/\/www.pulimprof.es\/index.php?rest_route=\/wp\/v2\/types\/page"}],"author":[{"embeddable":true,"href":"http:\/\/www.pulimprof.es\/index.php?rest_route=\/wp\/v2\/users\/1"}],"replies":[{"embeddable":true,"href":"http:\/\/www.pulimprof.es\/index.php?rest_route=%2Fwp%2Fv2%2Fcomments&post=26"}],"version-history":[{"count":20,"href":"http:\/\/www.pulimprof.es\/index.php?rest_route=\/wp\/v2\/pages\/26\/revisions"}],"predecessor-version":[{"id":265,"href":"http:\/\/www.pulimprof.es\/index.php?rest_route=\/wp\/v2\/pages\/26\/revisions\/265"}],"wp:attachment":[{"href":"http:\/\/www.pulimprof.es\/index.php?rest_route=%2Fwp%2Fv2%2Fmedia&parent=26"}],"curies":[{"name":"wp","href":"https:\/\/api.w.org\/{rel}","templated":true}]}}