{"id":294,"date":"2012-09-28T09:08:10","date_gmt":"2012-09-28T09:08:10","guid":{"rendered":"http:\/\/www.pulimprof.es\/?page_id=294"},"modified":"2021-11-25T11:54:29","modified_gmt":"2021-11-25T11:54:29","slug":"mantenimiento-de-cristales-y-rotulos","status":"publish","type":"page","link":"http:\/\/www.pulimprof.es\/?page_id=294","title":{"rendered":"CRISTALES Y R\u00d3TULOS"},"content":{"rendered":"<p><strong>MANTENIMIENTO DE CRISTALES Y R\u00d3TULOS<\/strong><\/p>\n<p>Para tener los cristales en perfectas condiciones, nuestros t\u00e9cnicos limpian y mantienen cualquier superficie acristalada.<\/p>\n<p>Limpieza de cristales\u00a0 con p\u00e9rtiga y g\u00f3ndola.<\/p>\n<p><strong>PULIMPROF<\/strong>\u00a0ofrece a sus clientes un\u00a0<strong>mantenimiento integral de cristales<\/strong>\u00a0que implica la limpieza semanal, quincenal o mensual que el cliente requiera,\u00a0<strong>manteni\u00e9ndoles los cristales en \u00f3ptimas condiciones.<\/strong><\/p>\n<p>Nuestra empresa tambi\u00e9n\u00a0<strong>elimina<\/strong>\u00a0de los cristales\u00a0<strong>la CAL<\/strong>\u00a0incrustada como consecuencia de la humedad, riego por aspersi\u00f3n\u2026as\u00ed como\u00a0<strong>el SALITRE<\/strong>\u00a0ocasionado por la cercan\u00eda al mar.<\/p>\n\n\t\t<style type=\"text\/css\">\n\t\t\t#gallery-1 {\n\t\t\t\tmargin: auto;\n\t\t\t}\n\t\t\t#gallery-1 .gallery-item {\n\t\t\t\tfloat: left;\n\t\t\t\tmargin-top: 10px;\n\t\t\t\ttext-align: center;\n\t\t\t\twidth: 25%;\n\t\t\t}\n\t\t\t#gallery-1 img {\n\t\t\t\tborder: 2px solid #cfcfcf;\n\t\t\t}\n\t\t\t#gallery-1 .gallery-caption {\n\t\t\t\tmargin-left: 0;\n\t\t\t}\n\t\t\t\/* see gallery_shortcode() in wp-includes\/media.php *\/\n\t\t<\/style>\n\t\t<div id='gallery-1' class='gallery galleryid-294 gallery-columns-4 gallery-size-thumbnail'><dl class='gallery-item'>\n\t\t\t<dt class='gallery-icon landscape'>\n\t\t\t\t<a href='http:\/\/www.pulimprof.es\/wp-content\/uploads\/2012\/09\/F8a.jpg'><img width=\"150\" height=\"150\" src=\"http:\/\/www.pulimprof.es\/wp-content\/uploads\/2012\/09\/F8a-150x150.jpg\" class=\"attachment-thumbnail size-thumbnail\" alt=\"\" loading=\"lazy\" srcset=\"http:\/\/www.pulimprof.es\/wp-content\/uploads\/2012\/09\/F8a-150x150.jpg 150w, http:\/\/www.pulimprof.es\/wp-content\/uploads\/2012\/09\/F8a-60x60.jpg 60w\" sizes=\"(max-width: 150px) 100vw, 150px\" \/><\/a>\n\t\t\t<\/dt><\/dl><dl class='gallery-item'>\n\t\t\t<dt class='gallery-icon landscape'>\n\t\t\t\t<a href='http:\/\/www.pulimprof.es\/wp-content\/uploads\/2012\/09\/F8b.jpg'><img width=\"150\" height=\"150\" src=\"http:\/\/www.pulimprof.es\/wp-content\/uploads\/2012\/09\/F8b-150x150.jpg\" class=\"attachment-thumbnail size-thumbnail\" alt=\"\" loading=\"lazy\" srcset=\"http:\/\/www.pulimprof.es\/wp-content\/uploads\/2012\/09\/F8b-150x150.jpg 150w, http:\/\/www.pulimprof.es\/wp-content\/uploads\/2012\/09\/F8b-60x60.jpg 60w\" sizes=\"(max-width: 150px) 100vw, 150px\" \/><\/a>\n\t\t\t<\/dt><\/dl><dl class='gallery-item'>\n\t\t\t<dt class='gallery-icon landscape'>\n\t\t\t\t<a href='http:\/\/www.pulimprof.es\/wp-content\/uploads\/2012\/09\/F9a.jpg'><img width=\"150\" height=\"150\" src=\"http:\/\/www.pulimprof.es\/wp-content\/uploads\/2012\/09\/F9a-150x150.jpg\" class=\"attachment-thumbnail size-thumbnail\" alt=\"\" loading=\"lazy\" srcset=\"http:\/\/www.pulimprof.es\/wp-content\/uploads\/2012\/09\/F9a-150x150.jpg 150w, http:\/\/www.pulimprof.es\/wp-content\/uploads\/2012\/09\/F9a-60x60.jpg 60w\" sizes=\"(max-width: 150px) 100vw, 150px\" \/><\/a>\n\t\t\t<\/dt><\/dl><dl class='gallery-item'>\n\t\t\t<dt class='gallery-icon landscape'>\n\t\t\t\t<a href='http:\/\/www.pulimprof.es\/wp-content\/uploads\/2012\/09\/F9b.jpg'><img width=\"150\" height=\"150\" src=\"http:\/\/www.pulimprof.es\/wp-content\/uploads\/2012\/09\/F9b-150x150.jpg\" class=\"attachment-thumbnail size-thumbnail\" alt=\"\" loading=\"lazy\" srcset=\"http:\/\/www.pulimprof.es\/wp-content\/uploads\/2012\/09\/F9b-150x150.jpg 150w, http:\/\/www.pulimprof.es\/wp-content\/uploads\/2012\/09\/F9b-60x60.jpg 60w\" sizes=\"(max-width: 150px) 100vw, 150px\" \/><\/a>\n\t\t\t<\/dt><\/dl><br style=\"clear: both\" \/>\n\t\t<\/div>\n\n","protected":false},"excerpt":{"rendered":"<p>MANTENIMIENTO DE CRISTALES Y R\u00d3TULOS Para tener los cristales en perfectas condiciones, nuestros t\u00e9cnicos limpian y mantienen cualquier superficie acristalada. Limpieza de cristales\u00a0 con p\u00e9rtiga y g\u00f3ndola. PULIMPROF\u00a0ofrece a sus clientes un\u00a0mantenimiento integral de cristales\u00a0que implica la limpieza semanal, quincenal o mensual que el cliente requiera,\u00a0manteni\u00e9ndoles los cristales en \u00f3ptimas condiciones. Nuestra empresa tambi\u00e9n\u00a0elimina\u00a0de los cristales\u00a0la CAL\u00a0incrustada como consecuencia de la humedad, riego por aspersi\u00f3n\u2026as\u00ed como\u00a0el SALITRE\u00a0ocasionado por la cercan\u00eda al mar.<\/p>\n","protected":false},"author":1,"featured_media":0,"parent":0,"menu_order":0,"comment_status":"closed","ping_status":"open","template":"","meta":[],"_links":{"self":[{"href":"http:\/\/www.pulimprof.es\/index.php?rest_route=\/wp\/v2\/pages\/294"}],"collection":[{"href":"http:\/\/www.pulimprof.es\/index.php?rest_route=\/wp\/v2\/pages"}],"about":[{"href":"http:\/\/www.pulimprof.es\/index.php?rest_route=\/wp\/v2\/types\/page"}],"author":[{"embeddable":true,"href":"http:\/\/www.pulimprof.es\/index.php?rest_route=\/wp\/v2\/users\/1"}],"replies":[{"embeddable":true,"href":"http:\/\/www.pulimprof.es\/index.php?rest_route=%2Fwp%2Fv2%2Fcomments&post=294"}],"version-history":[{"count":13,"href":"http:\/\/www.pulimprof.es\/index.php?rest_route=\/wp\/v2\/pages\/294\/revisions"}],"predecessor-version":[{"id":301,"href":"http:\/\/www.pulimprof.es\/index.php?rest_route=\/wp\/v2\/pages\/294\/revisions\/301"}],"wp:attachment":[{"href":"http:\/\/www.pulimprof.es\/index.php?rest_route=%2Fwp%2Fv2%2Fmedia&parent=294"}],"curies":[{"name":"wp","href":"https:\/\/api.w.org\/{rel}","templated":true}]}}