{"id":308,"date":"2012-09-28T09:18:21","date_gmt":"2012-09-28T09:18:21","guid":{"rendered":"http:\/\/www.pulimprof.es\/?page_id=308"},"modified":"2012-10-17T13:10:26","modified_gmt":"2012-10-17T13:10:26","slug":"tapicerias-y-moquetas","status":"publish","type":"page","link":"http:\/\/www.pulimprof.es\/?page_id=308","title":{"rendered":"TAPICER\u00cdAS Y MOQUETAS"},"content":{"rendered":"<p><strong>LIMPIEZA DE TAPICER\u00cdAS Y MOQUETAS<\/strong><\/p>\n<p>Relaci\u00f3n de las limpiezas t\u00e9cnicas especializadas:<\/p>\n<p>&#8211;\u00a0\u00a0\u00a0\u00a0\u00a0\u00a0\u00a0\u00a0\u00a0 Paredes enteladas\u00a0<strong>(con test de decoloraci\u00f3n).<\/strong><\/p>\n<p>&#8211;\u00a0\u00a0\u00a0\u00a0\u00a0\u00a0\u00a0\u00a0\u00a0 Tapicer\u00eda de sof\u00e1s, sillas, butacas\u2026<\/p>\n<p>&#8211;\u00a0\u00a0\u00a0\u00a0\u00a0\u00a0\u00a0\u00a0\u00a0 Limpieza de alfombras.<\/p>\n<p>&#8211;\u00a0\u00a0\u00a0\u00a0\u00a0\u00a0\u00a0\u00a0\u00a0 Limpieza de moquetas:<\/p>\n<ul>\n<ul>\n<li>Inyecci\u00f3n y extracci\u00f3n.<\/li>\n<li>Tratamiento antiest\u00e1tico.<\/li>\n<li>Tratamiento repele mascotas.<\/li>\n<li>Tratamiento de protecci\u00f3n y mejora de la moqueta.<\/li>\n<li>Secado r\u00e1pido.<\/li>\n<\/ul>\n<\/ul>\n<p>&#8211;\u00a0\u00a0 Limpieza integral de tapicer\u00edas de coches, barcos, autocares, avionetas\u2026<\/p>\n<p>&#8211;\u00a0\u00a0 Limpieza y tratamiento del cuero.<br \/>\n\n\t\t<style type=\"text\/css\">\n\t\t\t#gallery-1 {\n\t\t\t\tmargin: auto;\n\t\t\t}\n\t\t\t#gallery-1 .gallery-item {\n\t\t\t\tfloat: left;\n\t\t\t\tmargin-top: 10px;\n\t\t\t\ttext-align: center;\n\t\t\t\twidth: 25%;\n\t\t\t}\n\t\t\t#gallery-1 img {\n\t\t\t\tborder: 2px solid #cfcfcf;\n\t\t\t}\n\t\t\t#gallery-1 .gallery-caption {\n\t\t\t\tmargin-left: 0;\n\t\t\t}\n\t\t\t\/* see gallery_shortcode() in wp-includes\/media.php *\/\n\t\t<\/style>\n\t\t<div id='gallery-1' class='gallery galleryid-308 gallery-columns-4 gallery-size-thumbnail'><dl class='gallery-item'>\n\t\t\t<dt class='gallery-icon landscape'>\n\t\t\t\t<a href='http:\/\/www.pulimprof.es\/wp-content\/uploads\/2012\/09\/17a3.jpg'><img width=\"150\" height=\"150\" src=\"http:\/\/www.pulimprof.es\/wp-content\/uploads\/2012\/09\/17a3-150x150.jpg\" class=\"attachment-thumbnail size-thumbnail\" alt=\"\" loading=\"lazy\" srcset=\"http:\/\/www.pulimprof.es\/wp-content\/uploads\/2012\/09\/17a3-150x150.jpg 150w, http:\/\/www.pulimprof.es\/wp-content\/uploads\/2012\/09\/17a3-60x60.jpg 60w\" sizes=\"(max-width: 150px) 100vw, 150px\" \/><\/a>\n\t\t\t<\/dt><\/dl><dl class='gallery-item'>\n\t\t\t<dt class='gallery-icon landscape'>\n\t\t\t\t<a href='http:\/\/www.pulimprof.es\/wp-content\/uploads\/2012\/09\/17b3.jpg'><img width=\"150\" height=\"150\" src=\"http:\/\/www.pulimprof.es\/wp-content\/uploads\/2012\/09\/17b3-150x150.jpg\" class=\"attachment-thumbnail size-thumbnail\" alt=\"\" loading=\"lazy\" srcset=\"http:\/\/www.pulimprof.es\/wp-content\/uploads\/2012\/09\/17b3-150x150.jpg 150w, http:\/\/www.pulimprof.es\/wp-content\/uploads\/2012\/09\/17b3-60x60.jpg 60w\" sizes=\"(max-width: 150px) 100vw, 150px\" \/><\/a>\n\t\t\t<\/dt><\/dl><dl class='gallery-item'>\n\t\t\t<dt class='gallery-icon portrait'>\n\t\t\t\t<a href='http:\/\/www.pulimprof.es\/wp-content\/uploads\/2012\/09\/18a3.jpg'><img width=\"150\" height=\"150\" src=\"http:\/\/www.pulimprof.es\/wp-content\/uploads\/2012\/09\/18a3-150x150.jpg\" class=\"attachment-thumbnail size-thumbnail\" alt=\"\" loading=\"lazy\" srcset=\"http:\/\/www.pulimprof.es\/wp-content\/uploads\/2012\/09\/18a3-150x150.jpg 150w, http:\/\/www.pulimprof.es\/wp-content\/uploads\/2012\/09\/18a3-60x60.jpg 60w\" sizes=\"(max-width: 150px) 100vw, 150px\" \/><\/a>\n\t\t\t<\/dt><\/dl><dl class='gallery-item'>\n\t\t\t<dt class='gallery-icon portrait'>\n\t\t\t\t<a href='http:\/\/www.pulimprof.es\/wp-content\/uploads\/2012\/09\/18b3.jpg'><img width=\"150\" height=\"150\" src=\"http:\/\/www.pulimprof.es\/wp-content\/uploads\/2012\/09\/18b3-150x150.jpg\" class=\"attachment-thumbnail size-thumbnail\" alt=\"\" loading=\"lazy\" srcset=\"http:\/\/www.pulimprof.es\/wp-content\/uploads\/2012\/09\/18b3-150x150.jpg 150w, http:\/\/www.pulimprof.es\/wp-content\/uploads\/2012\/09\/18b3-60x60.jpg 60w\" sizes=\"(max-width: 150px) 100vw, 150px\" \/><\/a>\n\t\t\t<\/dt><\/dl><br style=\"clear: both\" \/><dl class='gallery-item'>\n\t\t\t<dt class='gallery-icon landscape'>\n\t\t\t\t<a href='http:\/\/www.pulimprof.es\/wp-content\/uploads\/2012\/09\/19a3.jpg'><img width=\"150\" height=\"150\" src=\"http:\/\/www.pulimprof.es\/wp-content\/uploads\/2012\/09\/19a3-150x150.jpg\" class=\"attachment-thumbnail size-thumbnail\" alt=\"\" loading=\"lazy\" srcset=\"http:\/\/www.pulimprof.es\/wp-content\/uploads\/2012\/09\/19a3-150x150.jpg 150w, http:\/\/www.pulimprof.es\/wp-content\/uploads\/2012\/09\/19a3-60x60.jpg 60w\" sizes=\"(max-width: 150px) 100vw, 150px\" \/><\/a>\n\t\t\t<\/dt><\/dl><dl class='gallery-item'>\n\t\t\t<dt class='gallery-icon landscape'>\n\t\t\t\t<a href='http:\/\/www.pulimprof.es\/wp-content\/uploads\/2012\/09\/19b3.jpg'><img width=\"150\" height=\"150\" src=\"http:\/\/www.pulimprof.es\/wp-content\/uploads\/2012\/09\/19b3-150x150.jpg\" class=\"attachment-thumbnail size-thumbnail\" alt=\"\" loading=\"lazy\" srcset=\"http:\/\/www.pulimprof.es\/wp-content\/uploads\/2012\/09\/19b3-150x150.jpg 150w, http:\/\/www.pulimprof.es\/wp-content\/uploads\/2012\/09\/19b3-60x60.jpg 60w\" sizes=\"(max-width: 150px) 100vw, 150px\" \/><\/a>\n\t\t\t<\/dt><\/dl>\n\t\t\t<br style='clear: both' \/>\n\t\t<\/div>\n<\/p>\n","protected":false},"excerpt":{"rendered":"<p>LIMPIEZA DE TAPICER\u00cdAS Y MOQUETAS Relaci\u00f3n de las limpiezas t\u00e9cnicas especializadas: &#8211;\u00a0\u00a0\u00a0\u00a0\u00a0\u00a0\u00a0\u00a0\u00a0 Paredes enteladas\u00a0(con test de decoloraci\u00f3n). &#8211;\u00a0\u00a0\u00a0\u00a0\u00a0\u00a0\u00a0\u00a0\u00a0 Tapicer\u00eda de sof\u00e1s, sillas, butacas\u2026 &#8211;\u00a0\u00a0\u00a0\u00a0\u00a0\u00a0\u00a0\u00a0\u00a0 Limpieza de alfombras. &#8211;\u00a0\u00a0\u00a0\u00a0\u00a0\u00a0\u00a0\u00a0\u00a0 Limpieza de moquetas: Inyecci\u00f3n y extracci\u00f3n. Tratamiento antiest\u00e1tico. Tratamiento repele mascotas. Tratamiento de protecci\u00f3n y mejora de la moqueta. Secado r\u00e1pido. &#8211;\u00a0\u00a0 Limpieza integral de tapicer\u00edas de coches, barcos, autocares, avionetas\u2026 &#8211;\u00a0\u00a0 Limpieza y tratamiento del cuero.<\/p>\n","protected":false},"author":1,"featured_media":0,"parent":0,"menu_order":0,"comment_status":"closed","ping_status":"open","template":"","meta":[],"_links":{"self":[{"href":"http:\/\/www.pulimprof.es\/index.php?rest_route=\/wp\/v2\/pages\/308"}],"collection":[{"href":"http:\/\/www.pulimprof.es\/index.php?rest_route=\/wp\/v2\/pages"}],"about":[{"href":"http:\/\/www.pulimprof.es\/index.php?rest_route=\/wp\/v2\/types\/page"}],"author":[{"embeddable":true,"href":"http:\/\/www.pulimprof.es\/index.php?rest_route=\/wp\/v2\/users\/1"}],"replies":[{"embeddable":true,"href":"http:\/\/www.pulimprof.es\/index.php?rest_route=%2Fwp%2Fv2%2Fcomments&post=308"}],"version-history":[{"count":9,"href":"http:\/\/www.pulimprof.es\/index.php?rest_route=\/wp\/v2\/pages\/308\/revisions"}],"predecessor-version":[{"id":422,"href":"http:\/\/www.pulimprof.es\/index.php?rest_route=\/wp\/v2\/pages\/308\/revisions\/422"}],"wp:attachment":[{"href":"http:\/\/www.pulimprof.es\/index.php?rest_route=%2Fwp%2Fv2%2Fmedia&parent=308"}],"curies":[{"name":"wp","href":"https:\/\/api.w.org\/{rel}","templated":true}]}}