{"id":313,"date":"2012-09-28T09:21:06","date_gmt":"2012-09-28T09:21:06","guid":{"rendered":"http:\/\/www.pulimprof.es\/?page_id=313"},"modified":"2012-10-17T09:24:14","modified_gmt":"2012-10-17T09:24:14","slug":"graffitis-y-fachadas","status":"publish","type":"page","link":"http:\/\/www.pulimprof.es\/?page_id=313","title":{"rendered":"GRAFFITIS"},"content":{"rendered":"<p><strong>ELIMINACI\u00d3N DE GRAFFITIS\u00a0<\/strong><\/p>\n<p>Hoy en d\u00eda se dan dos nuevas formas de\u00a0<strong>vandalismo callejero<\/strong>\u00a0(urbano),\u00a0<strong>los graffitis de \u00e1cido en los cristales \u00a0y las rayaduras o ara\u00f1azos \u00a0en los escaparates.<\/strong><\/p>\n<p>Los graffiteros para realizar sus firmas\u00a0 de graffiti sobre vidrio en escaparates de comercios, acristalamientos de entidades financieras, en el mobiliario urbano etc\u2026 emplean productos que contienen \u00e1cido fluorh\u00eddrico, biofluro de amoniaco o sulfato de potasio produciendo una reacci\u00f3n qu\u00edmica en el cristal que provoca un da\u00f1o de dif\u00edcil eliminaci\u00f3n.<\/p>\n<p>Otra manera de hacer vandalismo que est\u00e1 proliferando mucho en los \u00faltimos tiempos son los ara\u00f1azos y rayaduras en los cristales de los escaparates.<\/p>\n<p>Este vandalismo provoca\u00a0 un\u00a0<strong>deterioro de la imagen corporativa\u00a0<\/strong>del comercio, restaurantes, entidades bancarias, etc\u2026 donde se han realizado. En ambos casos, la \u00fanica soluci\u00f3n que hab\u00eda , hasta ahora, era la reposici\u00f3n del vidrio deteriorado por otro nuevo, lo que supone un\u00a0<strong>coste elevad\u00edsimo<\/strong>\u00a0ya que implica la compra del nuevo cristal, el desmontaje del antiguo y el montaje del nuevo, as\u00ed como un canon por la eliminaci\u00f3n adecuada del vidrio seg\u00fan normativa medio ambiental.<\/p>\n<p><strong>PULIMPROF ofrece al mercado UNA FORMA DE COMBATIR EL VANDALISMO URBANO<\/strong>.\u00a0Utiliza un\u00a0<strong>sistema innovador<\/strong>, de \u00faltima generaci\u00f3n, capaz de\u00a0<strong>eliminar los graffitis de \u00e1cido de los cristales, as\u00ed como las rayaduras<\/strong>\u00a0o ara\u00f1azos que tanto deterioran la imagen de los comerciantes, sin da\u00f1ar el cristal y manteniendo sus cualidades.\u00a0Si vuelven a practicar vandalismo sobre sus instalaciones volveremos a eliminarlo con la misma rapidez que lo realizan ellos.<\/p>\n<p>&nbsp;<\/p>\n\n\t\t<style type=\"text\/css\">\n\t\t\t#gallery-1 {\n\t\t\t\tmargin: auto;\n\t\t\t}\n\t\t\t#gallery-1 .gallery-item {\n\t\t\t\tfloat: left;\n\t\t\t\tmargin-top: 10px;\n\t\t\t\ttext-align: center;\n\t\t\t\twidth: 25%;\n\t\t\t}\n\t\t\t#gallery-1 img {\n\t\t\t\tborder: 2px solid #cfcfcf;\n\t\t\t}\n\t\t\t#gallery-1 .gallery-caption {\n\t\t\t\tmargin-left: 0;\n\t\t\t}\n\t\t\t\/* see gallery_shortcode() in wp-includes\/media.php *\/\n\t\t<\/style>\n\t\t<div id='gallery-1' class='gallery galleryid-313 gallery-columns-4 gallery-size-thumbnail'><dl class='gallery-item'>\n\t\t\t<dt class='gallery-icon landscape'>\n\t\t\t\t<a href='http:\/\/www.pulimprof.es\/wp-content\/uploads\/2012\/09\/1a4.jpg'><img width=\"150\" height=\"150\" src=\"http:\/\/www.pulimprof.es\/wp-content\/uploads\/2012\/09\/1a4-150x150.jpg\" class=\"attachment-thumbnail size-thumbnail\" alt=\"\" loading=\"lazy\" srcset=\"http:\/\/www.pulimprof.es\/wp-content\/uploads\/2012\/09\/1a4-150x150.jpg 150w, http:\/\/www.pulimprof.es\/wp-content\/uploads\/2012\/09\/1a4-60x60.jpg 60w\" sizes=\"(max-width: 150px) 100vw, 150px\" \/><\/a>\n\t\t\t<\/dt><\/dl><dl class='gallery-item'>\n\t\t\t<dt class='gallery-icon landscape'>\n\t\t\t\t<a href='http:\/\/www.pulimprof.es\/wp-content\/uploads\/2012\/09\/1b4.jpg'><img width=\"150\" height=\"150\" src=\"http:\/\/www.pulimprof.es\/wp-content\/uploads\/2012\/09\/1b4-150x150.jpg\" class=\"attachment-thumbnail size-thumbnail\" alt=\"\" loading=\"lazy\" srcset=\"http:\/\/www.pulimprof.es\/wp-content\/uploads\/2012\/09\/1b4-150x150.jpg 150w, http:\/\/www.pulimprof.es\/wp-content\/uploads\/2012\/09\/1b4-60x60.jpg 60w\" sizes=\"(max-width: 150px) 100vw, 150px\" \/><\/a>\n\t\t\t<\/dt><\/dl><dl class='gallery-item'>\n\t\t\t<dt class='gallery-icon landscape'>\n\t\t\t\t<a href='http:\/\/www.pulimprof.es\/wp-content\/uploads\/2012\/09\/5a3.jpg'><img width=\"150\" height=\"150\" src=\"http:\/\/www.pulimprof.es\/wp-content\/uploads\/2012\/09\/5a3-150x150.jpg\" class=\"attachment-thumbnail size-thumbnail\" alt=\"\" loading=\"lazy\" srcset=\"http:\/\/www.pulimprof.es\/wp-content\/uploads\/2012\/09\/5a3-150x150.jpg 150w, http:\/\/www.pulimprof.es\/wp-content\/uploads\/2012\/09\/5a3-60x60.jpg 60w\" sizes=\"(max-width: 150px) 100vw, 150px\" \/><\/a>\n\t\t\t<\/dt><\/dl><dl class='gallery-item'>\n\t\t\t<dt class='gallery-icon landscape'>\n\t\t\t\t<a href='http:\/\/www.pulimprof.es\/wp-content\/uploads\/2012\/09\/5b3.jpg'><img width=\"150\" height=\"150\" src=\"http:\/\/www.pulimprof.es\/wp-content\/uploads\/2012\/09\/5b3-150x150.jpg\" class=\"attachment-thumbnail size-thumbnail\" alt=\"\" loading=\"lazy\" srcset=\"http:\/\/www.pulimprof.es\/wp-content\/uploads\/2012\/09\/5b3-150x150.jpg 150w, http:\/\/www.pulimprof.es\/wp-content\/uploads\/2012\/09\/5b3-60x60.jpg 60w\" sizes=\"(max-width: 150px) 100vw, 150px\" \/><\/a>\n\t\t\t<\/dt><\/dl><br style=\"clear: both\" \/><dl class='gallery-item'>\n\t\t\t<dt class='gallery-icon landscape'>\n\t\t\t\t<a href='http:\/\/www.pulimprof.es\/wp-content\/uploads\/2012\/09\/6a3.jpg'><img width=\"150\" height=\"150\" src=\"http:\/\/www.pulimprof.es\/wp-content\/uploads\/2012\/09\/6a3-150x150.jpg\" class=\"attachment-thumbnail size-thumbnail\" alt=\"\" loading=\"lazy\" srcset=\"http:\/\/www.pulimprof.es\/wp-content\/uploads\/2012\/09\/6a3-150x150.jpg 150w, http:\/\/www.pulimprof.es\/wp-content\/uploads\/2012\/09\/6a3-60x60.jpg 60w\" sizes=\"(max-width: 150px) 100vw, 150px\" \/><\/a>\n\t\t\t<\/dt><\/dl><dl class='gallery-item'>\n\t\t\t<dt class='gallery-icon landscape'>\n\t\t\t\t<a href='http:\/\/www.pulimprof.es\/wp-content\/uploads\/2012\/09\/6b3.jpg'><img width=\"150\" height=\"150\" src=\"http:\/\/www.pulimprof.es\/wp-content\/uploads\/2012\/09\/6b3-150x150.jpg\" class=\"attachment-thumbnail size-thumbnail\" alt=\"\" loading=\"lazy\" srcset=\"http:\/\/www.pulimprof.es\/wp-content\/uploads\/2012\/09\/6b3-150x150.jpg 150w, http:\/\/www.pulimprof.es\/wp-content\/uploads\/2012\/09\/6b3-60x60.jpg 60w\" sizes=\"(max-width: 150px) 100vw, 150px\" \/><\/a>\n\t\t\t<\/dt><\/dl><dl class='gallery-item'>\n\t\t\t<dt class='gallery-icon landscape'>\n\t\t\t\t<a href='http:\/\/www.pulimprof.es\/wp-content\/uploads\/2012\/09\/7a3.jpg'><img width=\"150\" height=\"150\" src=\"http:\/\/www.pulimprof.es\/wp-content\/uploads\/2012\/09\/7a3-150x150.jpg\" class=\"attachment-thumbnail size-thumbnail\" alt=\"\" loading=\"lazy\" srcset=\"http:\/\/www.pulimprof.es\/wp-content\/uploads\/2012\/09\/7a3-150x150.jpg 150w, http:\/\/www.pulimprof.es\/wp-content\/uploads\/2012\/09\/7a3-60x60.jpg 60w\" sizes=\"(max-width: 150px) 100vw, 150px\" \/><\/a>\n\t\t\t<\/dt><\/dl><dl class='gallery-item'>\n\t\t\t<dt class='gallery-icon landscape'>\n\t\t\t\t<a href='http:\/\/www.pulimprof.es\/wp-content\/uploads\/2012\/09\/7b3.jpg'><img width=\"150\" height=\"150\" src=\"http:\/\/www.pulimprof.es\/wp-content\/uploads\/2012\/09\/7b3-150x150.jpg\" class=\"attachment-thumbnail size-thumbnail\" alt=\"\" loading=\"lazy\" srcset=\"http:\/\/www.pulimprof.es\/wp-content\/uploads\/2012\/09\/7b3-150x150.jpg 150w, http:\/\/www.pulimprof.es\/wp-content\/uploads\/2012\/09\/7b3-60x60.jpg 60w\" sizes=\"(max-width: 150px) 100vw, 150px\" \/><\/a>\n\t\t\t<\/dt><\/dl><br style=\"clear: both\" \/><dl class='gallery-item'>\n\t\t\t<dt class='gallery-icon landscape'>\n\t\t\t\t<a href='http:\/\/www.pulimprof.es\/wp-content\/uploads\/2012\/09\/8a3.jpg'><img width=\"150\" height=\"150\" src=\"http:\/\/www.pulimprof.es\/wp-content\/uploads\/2012\/09\/8a3-150x150.jpg\" class=\"attachment-thumbnail size-thumbnail\" alt=\"\" loading=\"lazy\" srcset=\"http:\/\/www.pulimprof.es\/wp-content\/uploads\/2012\/09\/8a3-150x150.jpg 150w, http:\/\/www.pulimprof.es\/wp-content\/uploads\/2012\/09\/8a3-60x60.jpg 60w\" sizes=\"(max-width: 150px) 100vw, 150px\" \/><\/a>\n\t\t\t<\/dt><\/dl><dl class='gallery-item'>\n\t\t\t<dt class='gallery-icon landscape'>\n\t\t\t\t<a href='http:\/\/www.pulimprof.es\/wp-content\/uploads\/2012\/09\/8b3.jpg'><img width=\"150\" height=\"150\" src=\"http:\/\/www.pulimprof.es\/wp-content\/uploads\/2012\/09\/8b3-150x150.jpg\" class=\"attachment-thumbnail size-thumbnail\" alt=\"\" loading=\"lazy\" srcset=\"http:\/\/www.pulimprof.es\/wp-content\/uploads\/2012\/09\/8b3-150x150.jpg 150w, http:\/\/www.pulimprof.es\/wp-content\/uploads\/2012\/09\/8b3-60x60.jpg 60w\" sizes=\"(max-width: 150px) 100vw, 150px\" \/><\/a>\n\t\t\t<\/dt><\/dl>\n\t\t\t<br style='clear: both' \/>\n\t\t<\/div>\n\n<p>&nbsp;<\/p>\n","protected":false},"excerpt":{"rendered":"<p>ELIMINACI\u00d3N DE GRAFFITIS\u00a0 Hoy en d\u00eda se dan dos nuevas formas de\u00a0vandalismo callejero\u00a0(urbano),\u00a0los graffitis de \u00e1cido en los cristales \u00a0y las rayaduras o ara\u00f1azos \u00a0en los escaparates. Los graffiteros para realizar sus firmas\u00a0 de graffiti sobre vidrio en escaparates de comercios, acristalamientos de entidades financieras, en el mobiliario urbano etc\u2026 emplean productos que contienen \u00e1cido fluorh\u00eddrico, biofluro de amoniaco o sulfato de potasio produciendo una reacci\u00f3n qu\u00edmica en el cristal que provoca un da\u00f1o de dif\u00edcil eliminaci\u00f3n. Otra manera de hacer vandalismo que est\u00e1 proliferando mucho en los \u00faltimos tiempos son los ara\u00f1azos y rayaduras en los cristales de [&hellip;]<\/p>\n","protected":false},"author":1,"featured_media":0,"parent":0,"menu_order":0,"comment_status":"closed","ping_status":"open","template":"","meta":[],"_links":{"self":[{"href":"http:\/\/www.pulimprof.es\/index.php?rest_route=\/wp\/v2\/pages\/313"}],"collection":[{"href":"http:\/\/www.pulimprof.es\/index.php?rest_route=\/wp\/v2\/pages"}],"about":[{"href":"http:\/\/www.pulimprof.es\/index.php?rest_route=\/wp\/v2\/types\/page"}],"author":[{"embeddable":true,"href":"http:\/\/www.pulimprof.es\/index.php?rest_route=\/wp\/v2\/users\/1"}],"replies":[{"embeddable":true,"href":"http:\/\/www.pulimprof.es\/index.php?rest_route=%2Fwp%2Fv2%2Fcomments&post=313"}],"version-history":[{"count":10,"href":"http:\/\/www.pulimprof.es\/index.php?rest_route=\/wp\/v2\/pages\/313\/revisions"}],"predecessor-version":[{"id":576,"href":"http:\/\/www.pulimprof.es\/index.php?rest_route=\/wp\/v2\/pages\/313\/revisions\/576"}],"wp:attachment":[{"href":"http:\/\/www.pulimprof.es\/index.php?rest_route=%2Fwp%2Fv2%2Fmedia&parent=313"}],"curies":[{"name":"wp","href":"https:\/\/api.w.org\/{rel}","templated":true}]}}