{"id":320,"date":"2012-09-28T09:26:17","date_gmt":"2012-09-28T09:26:17","guid":{"rendered":"http:\/\/www.pulimprof.es\/?page_id=320"},"modified":"2021-11-25T11:52:07","modified_gmt":"2021-11-25T11:52:07","slug":"mantenimiento","status":"publish","type":"page","link":"http:\/\/www.pulimprof.es\/?page_id=320","title":{"rendered":"ASESORAMIENTO"},"content":{"rendered":"<p><strong>ASESORAMIENTO DE PUESTA EN MARCHA EN EL MANTENIMIENTO DE LAS INSTALACIONES.<\/strong><\/p>\n<p>Se realizar\u00e1 una visita y posteriormente se efect\u00faar\u00e1 un informe asesorando en la puesta en marcha del mantenimiento a seguir en las instalaciones realizando la planificaci\u00f3n de los trabajos, tareas a realizar, necesidades del personal y periodicidades o rotaciones\u2026buscando la eficacia del servicio con el menor coste posible.<\/p>\n","protected":false},"excerpt":{"rendered":"<p>ASESORAMIENTO DE PUESTA EN MARCHA EN EL MANTENIMIENTO DE LAS INSTALACIONES. Se realizar\u00e1 una visita y posteriormente se efect\u00faar\u00e1 un informe asesorando en la puesta en marcha del mantenimiento a seguir en las instalaciones realizando la planificaci\u00f3n de los trabajos, tareas a realizar, necesidades del personal y periodicidades o rotaciones\u2026buscando la eficacia del servicio con el menor coste posible.<\/p>\n","protected":false},"author":1,"featured_media":0,"parent":0,"menu_order":0,"comment_status":"closed","ping_status":"open","template":"","meta":[],"_links":{"self":[{"href":"http:\/\/www.pulimprof.es\/index.php?rest_route=\/wp\/v2\/pages\/320"}],"collection":[{"href":"http:\/\/www.pulimprof.es\/index.php?rest_route=\/wp\/v2\/pages"}],"about":[{"href":"http:\/\/www.pulimprof.es\/index.php?rest_route=\/wp\/v2\/types\/page"}],"author":[{"embeddable":true,"href":"http:\/\/www.pulimprof.es\/index.php?rest_route=\/wp\/v2\/users\/1"}],"replies":[{"embeddable":true,"href":"http:\/\/www.pulimprof.es\/index.php?rest_route=%2Fwp%2Fv2%2Fcomments&post=320"}],"version-history":[{"count":5,"href":"http:\/\/www.pulimprof.es\/index.php?rest_route=\/wp\/v2\/pages\/320\/revisions"}],"predecessor-version":[{"id":601,"href":"http:\/\/www.pulimprof.es\/index.php?rest_route=\/wp\/v2\/pages\/320\/revisions\/601"}],"wp:attachment":[{"href":"http:\/\/www.pulimprof.es\/index.php?rest_route=%2Fwp%2Fv2%2Fmedia&parent=320"}],"curies":[{"name":"wp","href":"https:\/\/api.w.org\/{rel}","templated":true}]}}