{"id":322,"date":"2012-09-28T09:27:28","date_gmt":"2012-09-28T09:27:28","guid":{"rendered":"http:\/\/www.pulimprof.es\/?page_id=322"},"modified":"2012-10-17T12:53:10","modified_gmt":"2012-10-17T12:53:10","slug":"otros-servicios","status":"publish","type":"page","link":"http:\/\/www.pulimprof.es\/?page_id=322","title":{"rendered":"OTROS SERVICIOS"},"content":{"rendered":"<p><strong>OTROS SERVICIOS<\/strong><\/p>\n<ul>\n<li>\u00a0Limpieza de toldos y carpas.<\/li>\n<li>\u00a0Restauraci\u00f3n de encimeras.( Corian, Dupont, Compac, m\u00e1rmol\u2026)<\/li>\n<li>\u00a0Limpieza de atracciones hinchables.<\/li>\n<li>\u00a0Restauraci\u00f3n y tratamiento de acero y cromados.<strong>\u00a0<\/strong><\/li>\n<li>\u00a0Tratamiento de moho.<\/li>\n<li>\u00a0Limpieza de mobiliario urbano.<\/li>\n<li>\u00a0Limpieza de garajes.<\/li>\n<li>\u00a0Interior de embarcaciones.<\/li>\n<li>\u00a0Limpieza y desinfecci\u00f3n de colchones.<\/li>\n<li>\u00a0L\u00e1mparas colgantes (sin descolgarlas).<\/li>\n<li>\u00a0Interior de aeronaves.<\/li>\n<li>\u00a0Interior de transporte p\u00fablico o privado.<\/li>\n<li>\u00a0Limpieza de tapices.<\/li>\n<li>\u00a0Servicio de carga y descarga\/ montaje y\/o desmontaje\/ inventario\/embalajes&#8230;<\/li>\n<li>Limpieza de bodegas.<\/li>\n<li>Limpieza de maquinaria industrial.<\/li>\n<li>Limpieza de azoteas.<\/li>\n<\/ul>\n<p>Cons\u00faltennos cualquier tipo de limpieza t\u00e9cnica y le buscaremos su soluci\u00f3n.<\/p>\n<p>&nbsp;<\/p>\n","protected":false},"excerpt":{"rendered":"<p>OTROS SERVICIOS \u00a0Limpieza de toldos y carpas. \u00a0Restauraci\u00f3n de encimeras.( Corian, Dupont, Compac, m\u00e1rmol\u2026) \u00a0Limpieza de atracciones hinchables. \u00a0Restauraci\u00f3n y tratamiento de acero y cromados.\u00a0 \u00a0Tratamiento de moho. \u00a0Limpieza de mobiliario urbano. \u00a0Limpieza de garajes. \u00a0Interior de embarcaciones. \u00a0Limpieza y desinfecci\u00f3n de colchones. \u00a0L\u00e1mparas colgantes (sin descolgarlas). \u00a0Interior de aeronaves. \u00a0Interior de transporte p\u00fablico o privado. \u00a0Limpieza de tapices. \u00a0Servicio de carga y descarga\/ montaje y\/o desmontaje\/ inventario\/embalajes&#8230; Limpieza de bodegas. Limpieza de maquinaria industrial. Limpieza de azoteas. Cons\u00faltennos cualquier tipo de limpieza t\u00e9cnica y le buscaremos su soluci\u00f3n. &nbsp;<\/p>\n","protected":false},"author":1,"featured_media":0,"parent":0,"menu_order":0,"comment_status":"closed","ping_status":"open","template":"","meta":[],"_links":{"self":[{"href":"http:\/\/www.pulimprof.es\/index.php?rest_route=\/wp\/v2\/pages\/322"}],"collection":[{"href":"http:\/\/www.pulimprof.es\/index.php?rest_route=\/wp\/v2\/pages"}],"about":[{"href":"http:\/\/www.pulimprof.es\/index.php?rest_route=\/wp\/v2\/types\/page"}],"author":[{"embeddable":true,"href":"http:\/\/www.pulimprof.es\/index.php?rest_route=\/wp\/v2\/users\/1"}],"replies":[{"embeddable":true,"href":"http:\/\/www.pulimprof.es\/index.php?rest_route=%2Fwp%2Fv2%2Fcomments&post=322"}],"version-history":[{"count":8,"href":"http:\/\/www.pulimprof.es\/index.php?rest_route=\/wp\/v2\/pages\/322\/revisions"}],"predecessor-version":[{"id":580,"href":"http:\/\/www.pulimprof.es\/index.php?rest_route=\/wp\/v2\/pages\/322\/revisions\/580"}],"wp:attachment":[{"href":"http:\/\/www.pulimprof.es\/index.php?rest_route=%2Fwp%2Fv2%2Fmedia&parent=322"}],"curies":[{"name":"wp","href":"https:\/\/api.w.org\/{rel}","templated":true}]}}