{"id":405,"date":"2012-10-07T19:58:17","date_gmt":"2012-10-07T19:58:17","guid":{"rendered":"http:\/\/www.pulimprof.es\/?page_id=405"},"modified":"2021-11-25T12:07:09","modified_gmt":"2021-11-25T12:07:09","slug":"sectores","status":"publish","type":"page","link":"http:\/\/www.pulimprof.es\/?page_id=405","title":{"rendered":"SECTORES"},"content":{"rendered":"<p style=\"text-align: justify;\"><strong>SECTORES A LOS QUE VAMOS DIRIGIDOS<\/strong><\/p>\n<p style=\"text-align: justify;\">En\u00a0 la actualidad trabajamos para clientes de referencia, empresas de prestigio que demandan y exigen un servicio eficaz y de calidad para sus instalaciones, confiando en nuestra profesionalidad para el mantenimiento de las mismas.<\/p>\n<p style=\"text-align: justify;\">Nuestros servicios van dirigidos a diversos sectores como empresas, f\u00e1bricas, tiendas, colegios, oficinas, despachos, entidades financieras, centros deportivos, locales comerciales, viviendas siempre que requieran mantenimiento mensual, mobiliario urbano, transporte p\u00fablico o privado, concesionarios,\u00a0administraciones p\u00fablicas, centros comerciales, residencias, sector n\u00e1utico ( limpieza de tapicer\u00eda, cristales, aluminio, suelo\u2026.), sector aeron\u00e1utico ( cristales, tapicer\u00eda\u2026.)\u2026.<\/p>\n<p style=\"text-align: justify;\">Para la realizaci\u00f3n de estos servicios\u00a0\u00a0<strong>PULIMPROF<\/strong>\u00a0emplea los productos mas adecuados al tipo de material que se va a tratar, junto con la maquinaria m\u00e1s moderna.<\/p>\n\n\t\t<style type=\"text\/css\">\n\t\t\t#gallery-1 {\n\t\t\t\tmargin: auto;\n\t\t\t}\n\t\t\t#gallery-1 .gallery-item {\n\t\t\t\tfloat: left;\n\t\t\t\tmargin-top: 10px;\n\t\t\t\ttext-align: center;\n\t\t\t\twidth: 25%;\n\t\t\t}\n\t\t\t#gallery-1 img {\n\t\t\t\tborder: 2px solid #cfcfcf;\n\t\t\t}\n\t\t\t#gallery-1 .gallery-caption {\n\t\t\t\tmargin-left: 0;\n\t\t\t}\n\t\t\t\/* see gallery_shortcode() in wp-includes\/media.php *\/\n\t\t<\/style>\n\t\t<div id='gallery-1' class='gallery galleryid-405 gallery-columns-4 gallery-size-thumbnail'><dl class='gallery-item'>\n\t\t\t<dt class='gallery-icon portrait'>\n\t\t\t\t<a href='http:\/\/www.pulimprof.es\/wp-content\/uploads\/2021\/11\/1637841560562-scaled.jpg'><img width=\"150\" height=\"150\" src=\"http:\/\/www.pulimprof.es\/wp-content\/uploads\/2021\/11\/1637841560562-150x150.jpg\" class=\"attachment-thumbnail size-thumbnail\" alt=\"\" loading=\"lazy\" srcset=\"http:\/\/www.pulimprof.es\/wp-content\/uploads\/2021\/11\/1637841560562-150x150.jpg 150w, http:\/\/www.pulimprof.es\/wp-content\/uploads\/2021\/11\/1637841560562-60x60.jpg 60w\" sizes=\"(max-width: 150px) 100vw, 150px\" \/><\/a>\n\t\t\t<\/dt><\/dl><dl class='gallery-item'>\n\t\t\t<dt class='gallery-icon portrait'>\n\t\t\t\t<a href='http:\/\/www.pulimprof.es\/wp-content\/uploads\/2021\/11\/1637841560587-1-scaled.jpg'><img width=\"150\" height=\"150\" src=\"http:\/\/www.pulimprof.es\/wp-content\/uploads\/2021\/11\/1637841560587-1-150x150.jpg\" class=\"attachment-thumbnail size-thumbnail\" alt=\"\" loading=\"lazy\" srcset=\"http:\/\/www.pulimprof.es\/wp-content\/uploads\/2021\/11\/1637841560587-1-150x150.jpg 150w, http:\/\/www.pulimprof.es\/wp-content\/uploads\/2021\/11\/1637841560587-1-60x60.jpg 60w\" sizes=\"(max-width: 150px) 100vw, 150px\" \/><\/a>\n\t\t\t<\/dt><\/dl><dl class='gallery-item'>\n\t\t\t<dt class='gallery-icon portrait'>\n\t\t\t\t<a href='http:\/\/www.pulimprof.es\/wp-content\/uploads\/2021\/11\/1637841560618-1-scaled.jpg'><img width=\"150\" height=\"150\" src=\"http:\/\/www.pulimprof.es\/wp-content\/uploads\/2021\/11\/1637841560618-1-150x150.jpg\" class=\"attachment-thumbnail size-thumbnail\" alt=\"\" loading=\"lazy\" srcset=\"http:\/\/www.pulimprof.es\/wp-content\/uploads\/2021\/11\/1637841560618-1-150x150.jpg 150w, http:\/\/www.pulimprof.es\/wp-content\/uploads\/2021\/11\/1637841560618-1-60x60.jpg 60w\" sizes=\"(max-width: 150px) 100vw, 150px\" \/><\/a>\n\t\t\t<\/dt><\/dl>\n\t\t\t<br style='clear: both' \/>\n\t\t<\/div>\n\n","protected":false},"excerpt":{"rendered":"<p>SECTORES A LOS QUE VAMOS DIRIGIDOS En\u00a0 la actualidad trabajamos para clientes de referencia, empresas de prestigio que demandan y exigen un servicio eficaz y de calidad para sus instalaciones, confiando en nuestra profesionalidad para el mantenimiento de las mismas. Nuestros servicios van dirigidos a diversos sectores como empresas, f\u00e1bricas, tiendas, colegios, oficinas, despachos, entidades financieras, centros deportivos, locales comerciales, viviendas siempre que requieran mantenimiento mensual, mobiliario urbano, transporte p\u00fablico o privado, concesionarios,\u00a0administraciones p\u00fablicas, centros comerciales, residencias, sector n\u00e1utico ( limpieza de tapicer\u00eda, cristales, aluminio, suelo\u2026.), sector aeron\u00e1utico ( cristales, tapicer\u00eda\u2026.)\u2026. Para la realizaci\u00f3n de estos servicios\u00a0\u00a0PULIMPROF\u00a0emplea los productos [&hellip;]<\/p>\n","protected":false},"author":1,"featured_media":0,"parent":0,"menu_order":0,"comment_status":"closed","ping_status":"open","template":"","meta":[],"_links":{"self":[{"href":"http:\/\/www.pulimprof.es\/index.php?rest_route=\/wp\/v2\/pages\/405"}],"collection":[{"href":"http:\/\/www.pulimprof.es\/index.php?rest_route=\/wp\/v2\/pages"}],"about":[{"href":"http:\/\/www.pulimprof.es\/index.php?rest_route=\/wp\/v2\/types\/page"}],"author":[{"embeddable":true,"href":"http:\/\/www.pulimprof.es\/index.php?rest_route=\/wp\/v2\/users\/1"}],"replies":[{"embeddable":true,"href":"http:\/\/www.pulimprof.es\/index.php?rest_route=%2Fwp%2Fv2%2Fcomments&post=405"}],"version-history":[{"count":12,"href":"http:\/\/www.pulimprof.es\/index.php?rest_route=\/wp\/v2\/pages\/405\/revisions"}],"predecessor-version":[{"id":610,"href":"http:\/\/www.pulimprof.es\/index.php?rest_route=\/wp\/v2\/pages\/405\/revisions\/610"}],"wp:attachment":[{"href":"http:\/\/www.pulimprof.es\/index.php?rest_route=%2Fwp%2Fv2%2Fmedia&parent=405"}],"curies":[{"name":"wp","href":"https:\/\/api.w.org\/{rel}","templated":true}]}}