{"id":438,"date":"2012-10-09T14:39:38","date_gmt":"2012-10-09T14:39:38","guid":{"rendered":"http:\/\/www.pulimprof.es\/?page_id=438"},"modified":"2012-10-17T09:18:56","modified_gmt":"2012-10-17T09:18:56","slug":"limpieza-de-fachadas","status":"publish","type":"page","link":"http:\/\/www.pulimprof.es\/?page_id=438","title":{"rendered":"FACHADAS"},"content":{"rendered":"<p>Respecto a la\u00a0<em>LIMPIEZA DE<\/em><em>\u00a0FACHADAS<\/em>, nuestros servicios son los siguientes:<\/p>\n<p>&#8211;\u00a0\u00a0\u00a0\u00a0\u00a0\u00a0\u00a0\u00a0\u00a0 Limpieza de suciedad incrustada.<\/p>\n<p>&#8211;\u00a0\u00a0\u00a0\u00a0\u00a0\u00a0\u00a0\u00a0\u00a0 ELIMINACI\u00d3N DE GRAFFITIS.<\/p>\n<p>&#8211;\u00a0\u00a0\u00a0\u00a0\u00a0\u00a0\u00a0\u00a0\u00a0 Hidrofugado e impermeabilizaci\u00f3n de fachadas con maquinar\u00eda de alta tecnolog\u00eda.<\/p>\n<p>&#8211;\u00a0\u00a0\u00a0\u00a0\u00a0\u00a0\u00a0\u00a0\u00a0 Tratamiento antigraffiti: Este tratamiento no altera las condiciones f\u00edsicas o qu\u00edmicas de los materiales, ni altera el color ni la textura.<\/p>\n<p>&#8211;\u00a0\u00a0\u00a0\u00a0\u00a0\u00a0\u00a0\u00a0\u00a0 Limpiezas con chorro de arena.<\/p>\n\n\t\t<style type=\"text\/css\">\n\t\t\t#gallery-1 {\n\t\t\t\tmargin: auto;\n\t\t\t}\n\t\t\t#gallery-1 .gallery-item {\n\t\t\t\tfloat: left;\n\t\t\t\tmargin-top: 10px;\n\t\t\t\ttext-align: center;\n\t\t\t\twidth: 25%;\n\t\t\t}\n\t\t\t#gallery-1 img {\n\t\t\t\tborder: 2px solid #cfcfcf;\n\t\t\t}\n\t\t\t#gallery-1 .gallery-caption {\n\t\t\t\tmargin-left: 0;\n\t\t\t}\n\t\t\t\/* see gallery_shortcode() in wp-includes\/media.php *\/\n\t\t<\/style>\n\t\t<div id='gallery-1' class='gallery galleryid-438 gallery-columns-4 gallery-size-thumbnail'><dl class='gallery-item'>\n\t\t\t<dt class='gallery-icon landscape'>\n\t\t\t\t<a href='http:\/\/www.pulimprof.es\/wp-content\/uploads\/2012\/09\/2a1.jpg'><img width=\"150\" height=\"150\" src=\"http:\/\/www.pulimprof.es\/wp-content\/uploads\/2012\/09\/2a1-150x150.jpg\" class=\"attachment-thumbnail size-thumbnail\" alt=\"\" loading=\"lazy\" srcset=\"http:\/\/www.pulimprof.es\/wp-content\/uploads\/2012\/09\/2a1-150x150.jpg 150w, http:\/\/www.pulimprof.es\/wp-content\/uploads\/2012\/09\/2a1-60x60.jpg 60w\" sizes=\"(max-width: 150px) 100vw, 150px\" \/><\/a>\n\t\t\t<\/dt><\/dl><dl class='gallery-item'>\n\t\t\t<dt class='gallery-icon landscape'>\n\t\t\t\t<a href='http:\/\/www.pulimprof.es\/wp-content\/uploads\/2012\/09\/2b1.jpg'><img width=\"150\" height=\"150\" src=\"http:\/\/www.pulimprof.es\/wp-content\/uploads\/2012\/09\/2b1-150x150.jpg\" class=\"attachment-thumbnail size-thumbnail\" alt=\"\" loading=\"lazy\" srcset=\"http:\/\/www.pulimprof.es\/wp-content\/uploads\/2012\/09\/2b1-150x150.jpg 150w, http:\/\/www.pulimprof.es\/wp-content\/uploads\/2012\/09\/2b1-60x60.jpg 60w\" sizes=\"(max-width: 150px) 100vw, 150px\" \/><\/a>\n\t\t\t<\/dt><\/dl><dl class='gallery-item'>\n\t\t\t<dt class='gallery-icon portrait'>\n\t\t\t\t<a href='http:\/\/www.pulimprof.es\/wp-content\/uploads\/2012\/09\/3a1.jpg'><img width=\"150\" height=\"150\" src=\"http:\/\/www.pulimprof.es\/wp-content\/uploads\/2012\/09\/3a1-150x150.jpg\" class=\"attachment-thumbnail size-thumbnail\" alt=\"\" loading=\"lazy\" srcset=\"http:\/\/www.pulimprof.es\/wp-content\/uploads\/2012\/09\/3a1-150x150.jpg 150w, http:\/\/www.pulimprof.es\/wp-content\/uploads\/2012\/09\/3a1-60x60.jpg 60w\" sizes=\"(max-width: 150px) 100vw, 150px\" \/><\/a>\n\t\t\t<\/dt><\/dl><dl class='gallery-item'>\n\t\t\t<dt class='gallery-icon portrait'>\n\t\t\t\t<a href='http:\/\/www.pulimprof.es\/wp-content\/uploads\/2012\/09\/3b1.jpg'><img width=\"150\" height=\"150\" src=\"http:\/\/www.pulimprof.es\/wp-content\/uploads\/2012\/09\/3b1-150x150.jpg\" class=\"attachment-thumbnail size-thumbnail\" alt=\"\" loading=\"lazy\" srcset=\"http:\/\/www.pulimprof.es\/wp-content\/uploads\/2012\/09\/3b1-150x150.jpg 150w, http:\/\/www.pulimprof.es\/wp-content\/uploads\/2012\/09\/3b1-60x60.jpg 60w\" sizes=\"(max-width: 150px) 100vw, 150px\" \/><\/a>\n\t\t\t<\/dt><\/dl><br style=\"clear: both\" \/><dl class='gallery-item'>\n\t\t\t<dt class='gallery-icon landscape'>\n\t\t\t\t<a href='http:\/\/www.pulimprof.es\/wp-content\/uploads\/2012\/09\/4a1.jpg'><img width=\"150\" height=\"150\" src=\"http:\/\/www.pulimprof.es\/wp-content\/uploads\/2012\/09\/4a1-150x150.jpg\" class=\"attachment-thumbnail size-thumbnail\" alt=\"\" loading=\"lazy\" srcset=\"http:\/\/www.pulimprof.es\/wp-content\/uploads\/2012\/09\/4a1-150x150.jpg 150w, http:\/\/www.pulimprof.es\/wp-content\/uploads\/2012\/09\/4a1-60x60.jpg 60w\" sizes=\"(max-width: 150px) 100vw, 150px\" \/><\/a>\n\t\t\t<\/dt><\/dl><dl class='gallery-item'>\n\t\t\t<dt class='gallery-icon landscape'>\n\t\t\t\t<a href='http:\/\/www.pulimprof.es\/wp-content\/uploads\/2012\/09\/4b1.jpg'><img width=\"150\" height=\"150\" src=\"http:\/\/www.pulimprof.es\/wp-content\/uploads\/2012\/09\/4b1-150x150.jpg\" class=\"attachment-thumbnail size-thumbnail\" alt=\"\" loading=\"lazy\" srcset=\"http:\/\/www.pulimprof.es\/wp-content\/uploads\/2012\/09\/4b1-150x150.jpg 150w, http:\/\/www.pulimprof.es\/wp-content\/uploads\/2012\/09\/4b1-60x60.jpg 60w\" sizes=\"(max-width: 150px) 100vw, 150px\" \/><\/a>\n\t\t\t<\/dt><\/dl><dl class='gallery-item'>\n\t\t\t<dt class='gallery-icon landscape'>\n\t\t\t\t<a href='http:\/\/www.pulimprof.es\/wp-content\/uploads\/2012\/09\/7a1.jpg'><img width=\"150\" height=\"150\" src=\"http:\/\/www.pulimprof.es\/wp-content\/uploads\/2012\/09\/7a1-150x150.jpg\" class=\"attachment-thumbnail size-thumbnail\" alt=\"\" loading=\"lazy\" srcset=\"http:\/\/www.pulimprof.es\/wp-content\/uploads\/2012\/09\/7a1-150x150.jpg 150w, http:\/\/www.pulimprof.es\/wp-content\/uploads\/2012\/09\/7a1-60x60.jpg 60w\" sizes=\"(max-width: 150px) 100vw, 150px\" \/><\/a>\n\t\t\t<\/dt><\/dl><dl class='gallery-item'>\n\t\t\t<dt class='gallery-icon landscape'>\n\t\t\t\t<a href='http:\/\/www.pulimprof.es\/wp-content\/uploads\/2012\/09\/7b1.jpg'><img width=\"150\" height=\"150\" src=\"http:\/\/www.pulimprof.es\/wp-content\/uploads\/2012\/09\/7b1-150x150.jpg\" class=\"attachment-thumbnail size-thumbnail\" alt=\"\" loading=\"lazy\" srcset=\"http:\/\/www.pulimprof.es\/wp-content\/uploads\/2012\/09\/7b1-150x150.jpg 150w, http:\/\/www.pulimprof.es\/wp-content\/uploads\/2012\/09\/7b1-60x60.jpg 60w\" sizes=\"(max-width: 150px) 100vw, 150px\" \/><\/a>\n\t\t\t<\/dt><\/dl><br style=\"clear: both\" \/>\n\t\t<\/div>\n\n","protected":false},"excerpt":{"rendered":"<p>Respecto a la\u00a0LIMPIEZA DE\u00a0FACHADAS, nuestros servicios son los siguientes: &#8211;\u00a0\u00a0\u00a0\u00a0\u00a0\u00a0\u00a0\u00a0\u00a0 Limpieza de suciedad incrustada. &#8211;\u00a0\u00a0\u00a0\u00a0\u00a0\u00a0\u00a0\u00a0\u00a0 ELIMINACI\u00d3N DE GRAFFITIS. &#8211;\u00a0\u00a0\u00a0\u00a0\u00a0\u00a0\u00a0\u00a0\u00a0 Hidrofugado e impermeabilizaci\u00f3n de fachadas con maquinar\u00eda de alta tecnolog\u00eda. &#8211;\u00a0\u00a0\u00a0\u00a0\u00a0\u00a0\u00a0\u00a0\u00a0 Tratamiento antigraffiti: Este tratamiento no altera las condiciones f\u00edsicas o qu\u00edmicas de los materiales, ni altera el color ni la textura. &#8211;\u00a0\u00a0\u00a0\u00a0\u00a0\u00a0\u00a0\u00a0\u00a0 Limpiezas con chorro de arena.<\/p>\n","protected":false},"author":1,"featured_media":0,"parent":0,"menu_order":0,"comment_status":"closed","ping_status":"open","template":"","meta":[],"_links":{"self":[{"href":"http:\/\/www.pulimprof.es\/index.php?rest_route=\/wp\/v2\/pages\/438"}],"collection":[{"href":"http:\/\/www.pulimprof.es\/index.php?rest_route=\/wp\/v2\/pages"}],"about":[{"href":"http:\/\/www.pulimprof.es\/index.php?rest_route=\/wp\/v2\/types\/page"}],"author":[{"embeddable":true,"href":"http:\/\/www.pulimprof.es\/index.php?rest_route=\/wp\/v2\/users\/1"}],"replies":[{"embeddable":true,"href":"http:\/\/www.pulimprof.es\/index.php?rest_route=%2Fwp%2Fv2%2Fcomments&post=438"}],"version-history":[{"count":6,"href":"http:\/\/www.pulimprof.es\/index.php?rest_route=\/wp\/v2\/pages\/438\/revisions"}],"predecessor-version":[{"id":573,"href":"http:\/\/www.pulimprof.es\/index.php?rest_route=\/wp\/v2\/pages\/438\/revisions\/573"}],"wp:attachment":[{"href":"http:\/\/www.pulimprof.es\/index.php?rest_route=%2Fwp%2Fv2%2Fmedia&parent=438"}],"curies":[{"name":"wp","href":"https:\/\/api.w.org\/{rel}","templated":true}]}}