{"id":445,"date":"2012-10-09T15:09:34","date_gmt":"2012-10-09T15:09:34","guid":{"rendered":"http:\/\/www.pulimprof.es\/?page_id=445"},"modified":"2012-10-17T12:47:55","modified_gmt":"2012-10-17T12:47:55","slug":"obras","status":"publish","type":"page","link":"http:\/\/www.pulimprof.es\/?page_id=445","title":{"rendered":"OBRAS"},"content":{"rendered":"<p>LIMPIEZA DE OBRA<\/p>\n<p>Disponemos de un equipo de profesionales, cualificado y con experiencia para la realizaci\u00f3n de <strong>limpiezas de FIN DE OBRA<\/strong>.<\/p>\n<p>Para una limpieza de obra efectiva se requiere:<\/p>\n<ul>\n<li>Programarse con anticipaci\u00f3n.<\/li>\n<li>Retirar previamente del \u00e1rea maquinaria, equipo, material de desecho.<\/li>\n<li>Inexistencia de otros profesionales efectuando sus tareas mientras realizamos la limpieza. S\u00f3lo debe de estar presente\u00a0 en el \u00e1rea de trabajo el\u00a0 personal y material del equipo de limpieza.<\/li>\n<li>La limpieza se efectuar\u00e1 por \u00e1reas que una vez limpias se iran clausurando para evitar que se vuelvan a ensuciar.<\/li>\n<li>Facilitarle al personal de limpieza todos los medios necesarios para realizar sus tareas.<\/li>\n<li>Proveer de energ\u00eda el\u00e9ctrica y alimentaci\u00f3n de agua permanente.<\/li>\n<\/ul>\n<p>Efectuamos <strong>limpiezas PUNTUALES<\/strong> que los clientes nos solicitan para casos concretos:<\/p>\n<ul>\n<li>Limpiezas de <span style=\"text-decoration: underline;\">nueva ocupaci\u00f3n<\/span>.<\/li>\n<li>Limpiezas <span style=\"text-decoration: underline;\">por reformas<\/span>.<\/li>\n<li>Limpieza por <span style=\"text-decoration: underline;\">cambio de inquilino<\/span>.<\/li>\n<li>Limpieza por encontrarse la <span style=\"text-decoration: underline;\">vivienda cerrada<\/span> durante un largo periodo de tiempo.<\/li>\n<li>Limpiezas de <span style=\"text-decoration: underline;\">eventos. <\/span>Realizamos la limpieza previa al evento, durante el desarrollo del mismo y, al finalizar, la limpieza de entrega de las instalaciones utilizadas en estado \u00f3ptimo.<\/li>\n<\/ul>\n<p>Empleamos la \u00faltima tecnolog\u00eda en maquinaria y la mejor gama de productos que el mercado nacional e internacional nos puede ofrecer, as\u00ed como una atenci\u00f3n directa y personalizada con el cliente.<\/p>\n","protected":false},"excerpt":{"rendered":"<p>LIMPIEZA DE OBRA Disponemos de un equipo de profesionales, cualificado y con experiencia para la realizaci\u00f3n de limpiezas de FIN DE OBRA. Para una limpieza de obra efectiva se requiere: Programarse con anticipaci\u00f3n. Retirar previamente del \u00e1rea maquinaria, equipo, material de desecho. Inexistencia de otros profesionales efectuando sus tareas mientras realizamos la limpieza. S\u00f3lo debe de estar presente\u00a0 en el \u00e1rea de trabajo el\u00a0 personal y material del equipo de limpieza. La limpieza se efectuar\u00e1 por \u00e1reas que una vez limpias se iran clausurando para evitar que se vuelvan a ensuciar. Facilitarle al personal de limpieza todos los medios [&hellip;]<\/p>\n","protected":false},"author":1,"featured_media":0,"parent":0,"menu_order":0,"comment_status":"closed","ping_status":"open","template":"","meta":[],"_links":{"self":[{"href":"http:\/\/www.pulimprof.es\/index.php?rest_route=\/wp\/v2\/pages\/445"}],"collection":[{"href":"http:\/\/www.pulimprof.es\/index.php?rest_route=\/wp\/v2\/pages"}],"about":[{"href":"http:\/\/www.pulimprof.es\/index.php?rest_route=\/wp\/v2\/types\/page"}],"author":[{"embeddable":true,"href":"http:\/\/www.pulimprof.es\/index.php?rest_route=\/wp\/v2\/users\/1"}],"replies":[{"embeddable":true,"href":"http:\/\/www.pulimprof.es\/index.php?rest_route=%2Fwp%2Fv2%2Fcomments&post=445"}],"version-history":[{"count":10,"href":"http:\/\/www.pulimprof.es\/index.php?rest_route=\/wp\/v2\/pages\/445\/revisions"}],"predecessor-version":[{"id":517,"href":"http:\/\/www.pulimprof.es\/index.php?rest_route=\/wp\/v2\/pages\/445\/revisions\/517"}],"wp:attachment":[{"href":"http:\/\/www.pulimprof.es\/index.php?rest_route=%2Fwp%2Fv2%2Fmedia&parent=445"}],"curies":[{"name":"wp","href":"https:\/\/api.w.org\/{rel}","templated":true}]}}